{"id":16,"date":"2021-12-08T16:56:12","date_gmt":"2021-12-08T14:56:12","guid":{"rendered":"http:\/\/neuvonenseppanen.com\/?page_id=16"},"modified":"2022-09-15T19:24:41","modified_gmt":"2022-09-15T16:24:41","slug":"etusivu","status":"publish","type":"page","link":"http:\/\/neuvonenseppanen.com\/","title":{"rendered":"Siirtokarjalaisuus evakon lapsen el\u00e4m\u00e4ss\u00e4 ja muistoissa"},"content":{"rendered":"\n<div class=\"wp-block-columns alignfull is-layout-flex wp-container-core-columns-is-layout-9d6595d7 wp-block-columns-is-layout-flex\">\n<div class=\"wp-block-column alignfull is-layout-flow wp-block-column-is-layout-flow\">\n<div class=\"wp-block-columns alignfull has-background is-layout-flex wp-container-core-columns-is-layout-9d6595d7 wp-block-columns-is-layout-flex\">\n<div class=\"wp-block-column is-layout-flow wp-block-column-is-layout-flow\" style=\"flex-basis:100%\">\n<div class=\"wp-block-columns are-vertically-aligned-center is-layout-flex wp-container-core-columns-is-layout-9d6595d7 wp-block-columns-is-layout-flex\">\n<div class=\"wp-block-column is-vertically-aligned-center is-layout-flow wp-block-column-is-layout-flow\" style=\"flex-basis:50%\">\n<p class=\"has-text-align-center\">V\u00e4ittelin elokuussa 2020 yhteiskuntatieteen tohtoriksi sosiaalipsykologiasta. <\/p>\n\n\n\n<p class=\"has-text-align-center\">Tutkimuksen aiheena olivat evakkojen lapset, jotka eiv\u00e4t olleet siihen saakka saaneet n\u00e4kyvyytt\u00e4 evakkokarjalaisten tutkimuksissa.&nbsp;&nbsp;<\/p>\n\n\n\n<p class=\"has-text-align-center\">T\u00e4ll\u00e4 hetkell\u00e4 olen ty\u00f6st\u00e4m\u00e4ss\u00e4 tietokirjaa v\u00e4it\u00f6skirjasta.<\/p>\n<\/div>\n\n\n\n<div class=\"wp-block-column is-layout-flow wp-block-column-is-layout-flow\" style=\"flex-basis:50%\"><div class=\"wp-block-image is-style-rounded\">\n<figure class=\"aligncenter size-medium is-resized\"><img loading=\"lazy\" decoding=\"async\" src=\"http:\/\/neuvonenseppanen.com\/wp-content\/uploads\/2022\/01\/virallinen-240x300.jpg\" alt=\"\" class=\"wp-image-110\" width=\"180\" height=\"225\" srcset=\"http:\/\/neuvonenseppanen.com\/wp-content\/uploads\/2022\/01\/virallinen-240x300.jpg 240w, http:\/\/neuvonenseppanen.com\/wp-content\/uploads\/2022\/01\/virallinen-819x1024.jpg 819w, http:\/\/neuvonenseppanen.com\/wp-content\/uploads\/2022\/01\/virallinen-768x960.jpg 768w, http:\/\/neuvonenseppanen.com\/wp-content\/uploads\/2022\/01\/virallinen-1229x1536.jpg 1229w, http:\/\/neuvonenseppanen.com\/wp-content\/uploads\/2022\/01\/virallinen.jpg 1477w\" sizes=\"auto, (max-width: 180px) 100vw, 180px\" \/><figcaption><strong><em>HELL\u00c4 <br>NEUVONEN-SEPP\u00c4NEN<\/em><\/strong><\/figcaption><\/figure>\n<\/div><\/div>\n<\/div>\n<\/div>\n<\/div>\n<\/div>\n<\/div>\n","protected":false},"excerpt":{"rendered":"<p>V\u00e4ittelin elokuussa 2020 yhteiskuntatieteen tohtoriksi sosiaalipsykologiasta. Tutkimuksen aiheena olivat evakkojen lapset, jotka eiv\u00e4t olleet siihen saakka saaneet n\u00e4kyvyytt\u00e4 evakkokarjalaisten tutkimuksissa.&nbsp;&nbsp; T\u00e4ll\u00e4 hetkell\u00e4 olen ty\u00f6st\u00e4m\u00e4ss\u00e4 tietokirjaa v\u00e4it\u00f6skirjasta.<\/p>\n","protected":false},"author":1,"featured_media":0,"parent":0,"menu_order":1,"comment_status":"closed","ping_status":"closed","template":"","meta":{"footnotes":""},"class_list":["post-16","page","type-page","status-publish","hentry"],"_links":{"self":[{"href":"http:\/\/neuvonenseppanen.com\/index.php?rest_route=\/wp\/v2\/pages\/16","targetHints":{"allow":["GET"]}}],"collection":[{"href":"http:\/\/neuvonenseppanen.com\/index.php?rest_route=\/wp\/v2\/pages"}],"about":[{"href":"http:\/\/neuvonenseppanen.com\/index.php?rest_route=\/wp\/v2\/types\/page"}],"author":[{"embeddable":true,"href":"http:\/\/neuvonenseppanen.com\/index.php?rest_route=\/wp\/v2\/users\/1"}],"replies":[{"embeddable":true,"href":"http:\/\/neuvonenseppanen.com\/index.php?rest_route=%2Fwp%2Fv2%2Fcomments&post=16"}],"version-history":[{"count":72,"href":"http:\/\/neuvonenseppanen.com\/index.php?rest_route=\/wp\/v2\/pages\/16\/revisions"}],"predecessor-version":[{"id":305,"href":"http:\/\/neuvonenseppanen.com\/index.php?rest_route=\/wp\/v2\/pages\/16\/revisions\/305"}],"wp:attachment":[{"href":"http:\/\/neuvonenseppanen.com\/index.php?rest_route=%2Fwp%2Fv2%2Fmedia&parent=16"}],"curies":[{"name":"wp","href":"https:\/\/api.w.org\/{rel}","templated":true}]}}